{"id":18631,"date":"2023-02-05T18:33:16","date_gmt":"2023-02-05T18:33:16","guid":{"rendered":"https:\/\/www.icarodilla.es\/?page_id=18631"},"modified":"2023-02-26T09:09:23","modified_gmt":"2023-02-26T09:09:23","slug":"politica-de-cookies","status":"publish","type":"page","link":"https:\/\/www.icarodilla.es\/?page_id=18631","title":{"rendered":"Pol\u00edtica de Cookies"},"content":{"rendered":"\n<h3 class=\"wp-block-heading\" id=\"politica-de-cookies\">Pol\u00edtica de cookies<\/h3>\n\n\n\n<p>ICAR. Instituto de Cirug\u00eda Avanzada de la Rodilla comunica a los usuarios, a trav\u00e9s de este aviso, que puede utilizar cookies cuando el usuario navega por las diferentes pantallas y p\u00e1ginas del sitio.  Durante el uso de nuestra p\u00e1gina Web usted acepta y autoriza expresamente el uso de cookies, de acuerdo con nuestra Pol\u00edtica de Privacidad.<\/p>\n\n\n\n<h3 class=\"wp-block-heading\">\u00bfQu\u00e9 son las cookies?<\/h3>\n\n\n\n<p>Una cookie es un archivo de texto muy peque\u00f1o que un servidor Web puede guardar en el disco duro de un equipo para almacenar alg\u00fan tipo de informaci\u00f3n sobre el usuario.<\/p>\n\n\n\n<p> La cookie identifica el equipo de forma \u00fanica, y solo puede ser le\u00edda por el sitio Web que lo envi\u00f3 al equipo. Una cookie no es un archivo ejecutable ni un programa y por lo tanto no puede propagar o contener un virus u otro software malicioso, ni puede tener una longitud superior a 4.000 caracteres.<\/p>\n\n\n\n<h3 class=\"wp-block-heading\">\u00bfPara qu\u00e9 sirven las cookies?<\/h3>\n\n\n\n<p>La utilizaci\u00f3n de las cookies tiene como finalidad exclusiva recordar las preferencias del usuario; (idioma, pa\u00eds, inicio de sesi\u00f3n, caracter\u00edsticas de su navegador, informaci\u00f3n de uso de nuestra Web, etc.). <\/p>\n\n\n\n<p>Recordando sus preferencias no tendremos que, por ejemplo, preguntarle por su pa\u00eds cada vez que visite nuestra Web. Sabremos las caracter\u00edsticas del ordenador que est\u00e1 usando y as\u00ed podremos ofrecerle una mejor experiencia de navegaci\u00f3n. <\/p>\n\n\n\n<p>Las cookies pueden ayudar a nuestro sitio Web a distinguir el navegador del usuario como visitante anterior. De esta manera podremos guardar y recordar las preferencias que puedan haberse establecido. <\/p>\n\n\n\n<p>Todo esto mientras el usuario esta navegando por el sitio, personalizar las p\u00e1gina o, identificar qu\u00e9 sectores de un sitio han sido visitados.<\/p>\n\n\n\n<p>ICAR. Instituto de Cirug\u00eda Avanzada de la Rodilla puede utilizar las cookies con el objeto de reconocer a los usuarios que se hayan registrado. De esta manera ofrecerles un mejor servicio y m\u00e1s personalizado. Asimismo pueden ser utilizadas para obtener informaci\u00f3n acerca de la fecha y hora de la \u00faltima visita del usuario, medir algunos par\u00e1metros de tr\u00e1fico dentro del propio site y estimar el n\u00famero de visitas realizadas, de manera que ICAR. Instituto de Cirug\u00eda Avanzada de la Rodilla pueda enfocar y ajustar los servicios y promociones de forma m\u00e1s efectiva. Normalmente los sitios Web utilizan las cookies para obtener informaci\u00f3n estad\u00edstica sobre sus p\u00e1ginas Web. Tenga en cuenta que recogemos datos sobre sus movimientos y uso de nuestra Web como datos estad\u00edsticos, no personales.<\/p>\n","protected":false},"excerpt":{"rendered":"<p>Pol\u00edtica de cookies ICAR. Instituto de Cirug\u00eda Avanzada de la Rodilla comunica a los usuarios,&hellip;<\/p>\n","protected":false},"author":1,"featured_media":0,"parent":0,"menu_order":0,"comment_status":"closed","ping_status":"closed","template":"","meta":{"_monsterinsights_skip_tracking":false,"_monsterinsights_sitenote_active":false,"_monsterinsights_sitenote_note":"","_monsterinsights_sitenote_category":0,"_joinchat":[],"footnotes":""},"class_list":["post-18631","page","type-page","status-publish","hentry"],"yoast_head":"<!-- This site is optimized with the Yoast SEO plugin v25.9 - https:\/\/yoast.com\/wordpress\/plugins\/seo\/ -->\n<title>Pol\u00edtica de Cookies - ICAR<\/title>\n<meta name=\"description\" content=\"Pol\u00edtica de cookies . Comunicado a los usuarios de la politica de cookies de Icar Instituto Avanzado de la Rodilla.\" \/>\n<meta name=\"robots\" content=\"index, follow, max-snippet:-1, max-image-preview:large, max-video-preview:-1\" \/>\n<link rel=\"canonical\" href=\"https:\/\/www.icarodilla.es\/?page_id=18631\" \/>\n<meta property=\"og:locale\" content=\"en_US\" \/>\n<meta property=\"og:type\" content=\"article\" \/>\n<meta property=\"og:title\" content=\"Pol\u00edtica de Cookies - ICAR\" \/>\n<meta property=\"og:description\" content=\"Pol\u00edtica de cookies . Comunicado a los usuarios de la politica de cookies de Icar Instituto Avanzado de la Rodilla.\" \/>\n<meta property=\"og:url\" content=\"https:\/\/www.icarodilla.es\/?page_id=18631\" \/>\n<meta property=\"og:site_name\" content=\"ICAR\" \/>\n<meta property=\"article:modified_time\" content=\"2023-02-26T09:09:23+00:00\" \/>\n<meta name=\"twitter:card\" content=\"summary_large_image\" \/>\n<meta name=\"twitter:label1\" content=\"Est. reading time\" \/>\n\t<meta name=\"twitter:data1\" content=\"2 minutes\" \/>\n<script type=\"application\/ld+json\" class=\"yoast-schema-graph\">{\"@context\":\"https:\/\/schema.org\",\"@graph\":[{\"@type\":\"WebPage\",\"@id\":\"https:\/\/www.icarodilla.es\/?page_id=18631\",\"url\":\"https:\/\/www.icarodilla.es\/?page_id=18631\",\"name\":\"Pol\u00edtica de Cookies - ICAR\",\"isPartOf\":{\"@id\":\"https:\/\/www.icarodilla.es\/#website\"},\"datePublished\":\"2023-02-05T18:33:16+00:00\",\"dateModified\":\"2023-02-26T09:09:23+00:00\",\"description\":\"Pol\u00edtica de cookies . Comunicado a los usuarios de la politica de cookies de Icar Instituto Avanzado de la Rodilla.\",\"breadcrumb\":{\"@id\":\"https:\/\/www.icarodilla.es\/?page_id=18631#breadcrumb\"},\"inLanguage\":\"en-US\",\"potentialAction\":[{\"@type\":\"ReadAction\",\"target\":[\"https:\/\/www.icarodilla.es\/?page_id=18631\"]}]},{\"@type\":\"BreadcrumbList\",\"@id\":\"https:\/\/www.icarodilla.es\/?page_id=18631#breadcrumb\",\"itemListElement\":[{\"@type\":\"ListItem\",\"position\":1,\"name\":\"Portada\",\"item\":\"https:\/\/www.icarodilla.es\/\"},{\"@type\":\"ListItem\",\"position\":2,\"name\":\"Pol\u00edtica de Cookies\"}]},{\"@type\":\"WebSite\",\"@id\":\"https:\/\/www.icarodilla.es\/#website\",\"url\":\"https:\/\/www.icarodilla.es\/\",\"name\":\"ICAR\",\"description\":\"Instituto de Cirug\u00eda  Avanzada de la Rodilla\",\"publisher\":{\"@id\":\"https:\/\/www.icarodilla.es\/#organization\"},\"potentialAction\":[{\"@type\":\"SearchAction\",\"target\":{\"@type\":\"EntryPoint\",\"urlTemplate\":\"https:\/\/www.icarodilla.es\/?s={search_term_string}\"},\"query-input\":{\"@type\":\"PropertyValueSpecification\",\"valueRequired\":true,\"valueName\":\"search_term_string\"}}],\"inLanguage\":\"en-US\"},{\"@type\":\"Organization\",\"@id\":\"https:\/\/www.icarodilla.es\/#organization\",\"name\":\"ICAR\",\"url\":\"https:\/\/www.icarodilla.es\/\",\"logo\":{\"@type\":\"ImageObject\",\"inLanguage\":\"en-US\",\"@id\":\"https:\/\/www.icarodilla.es\/#\/schema\/logo\/image\/\",\"url\":\"https:\/\/www.icarodilla.es\/wp-content\/uploads\/2023\/01\/cropped-LOGO_Mesa-de-trabajo-1.png\",\"contentUrl\":\"https:\/\/www.icarodilla.es\/wp-content\/uploads\/2023\/01\/cropped-LOGO_Mesa-de-trabajo-1.png\",\"width\":174,\"height\":60,\"caption\":\"ICAR\"},\"image\":{\"@id\":\"https:\/\/www.icarodilla.es\/#\/schema\/logo\/image\/\"}}]}<\/script>\n<!-- \/ Yoast SEO plugin. -->","yoast_head_json":{"title":"Pol\u00edtica de Cookies - ICAR","description":"Pol\u00edtica de cookies . Comunicado a los usuarios de la politica de cookies de Icar Instituto Avanzado de la Rodilla.","robots":{"index":"index","follow":"follow","max-snippet":"max-snippet:-1","max-image-preview":"max-image-preview:large","max-video-preview":"max-video-preview:-1"},"canonical":"https:\/\/www.icarodilla.es\/?page_id=18631","og_locale":"en_US","og_type":"article","og_title":"Pol\u00edtica de Cookies - ICAR","og_description":"Pol\u00edtica de cookies . Comunicado a los usuarios de la politica de cookies de Icar Instituto Avanzado de la Rodilla.","og_url":"https:\/\/www.icarodilla.es\/?page_id=18631","og_site_name":"ICAR","article_modified_time":"2023-02-26T09:09:23+00:00","twitter_card":"summary_large_image","twitter_misc":{"Est. reading time":"2 minutes"},"schema":{"@context":"https:\/\/schema.org","@graph":[{"@type":"WebPage","@id":"https:\/\/www.icarodilla.es\/?page_id=18631","url":"https:\/\/www.icarodilla.es\/?page_id=18631","name":"Pol\u00edtica de Cookies - ICAR","isPartOf":{"@id":"https:\/\/www.icarodilla.es\/#website"},"datePublished":"2023-02-05T18:33:16+00:00","dateModified":"2023-02-26T09:09:23+00:00","description":"Pol\u00edtica de cookies . Comunicado a los usuarios de la politica de cookies de Icar Instituto Avanzado de la Rodilla.","breadcrumb":{"@id":"https:\/\/www.icarodilla.es\/?page_id=18631#breadcrumb"},"inLanguage":"en-US","potentialAction":[{"@type":"ReadAction","target":["https:\/\/www.icarodilla.es\/?page_id=18631"]}]},{"@type":"BreadcrumbList","@id":"https:\/\/www.icarodilla.es\/?page_id=18631#breadcrumb","itemListElement":[{"@type":"ListItem","position":1,"name":"Portada","item":"https:\/\/www.icarodilla.es\/"},{"@type":"ListItem","position":2,"name":"Pol\u00edtica de Cookies"}]},{"@type":"WebSite","@id":"https:\/\/www.icarodilla.es\/#website","url":"https:\/\/www.icarodilla.es\/","name":"ICAR","description":"Instituto de Cirug\u00eda  Avanzada de la Rodilla","publisher":{"@id":"https:\/\/www.icarodilla.es\/#organization"},"potentialAction":[{"@type":"SearchAction","target":{"@type":"EntryPoint","urlTemplate":"https:\/\/www.icarodilla.es\/?s={search_term_string}"},"query-input":{"@type":"PropertyValueSpecification","valueRequired":true,"valueName":"search_term_string"}}],"inLanguage":"en-US"},{"@type":"Organization","@id":"https:\/\/www.icarodilla.es\/#organization","name":"ICAR","url":"https:\/\/www.icarodilla.es\/","logo":{"@type":"ImageObject","inLanguage":"en-US","@id":"https:\/\/www.icarodilla.es\/#\/schema\/logo\/image\/","url":"https:\/\/www.icarodilla.es\/wp-content\/uploads\/2023\/01\/cropped-LOGO_Mesa-de-trabajo-1.png","contentUrl":"https:\/\/www.icarodilla.es\/wp-content\/uploads\/2023\/01\/cropped-LOGO_Mesa-de-trabajo-1.png","width":174,"height":60,"caption":"ICAR"},"image":{"@id":"https:\/\/www.icarodilla.es\/#\/schema\/logo\/image\/"}}]}},"aioseo_notices":[],"_links":{"self":[{"href":"https:\/\/www.icarodilla.es\/index.php?rest_route=\/wp\/v2\/pages\/18631","targetHints":{"allow":["GET"]}}],"collection":[{"href":"https:\/\/www.icarodilla.es\/index.php?rest_route=\/wp\/v2\/pages"}],"about":[{"href":"https:\/\/www.icarodilla.es\/index.php?rest_route=\/wp\/v2\/types\/page"}],"author":[{"embeddable":true,"href":"https:\/\/www.icarodilla.es\/index.php?rest_route=\/wp\/v2\/users\/1"}],"replies":[{"embeddable":true,"href":"https:\/\/www.icarodilla.es\/index.php?rest_route=%2Fwp%2Fv2%2Fcomments&post=18631"}],"version-history":[{"count":4,"href":"https:\/\/www.icarodilla.es\/index.php?rest_route=\/wp\/v2\/pages\/18631\/revisions"}],"predecessor-version":[{"id":19016,"href":"https:\/\/www.icarodilla.es\/index.php?rest_route=\/wp\/v2\/pages\/18631\/revisions\/19016"}],"wp:attachment":[{"href":"https:\/\/www.icarodilla.es\/index.php?rest_route=%2Fwp%2Fv2%2Fmedia&parent=18631"}],"curies":[{"name":"wp","href":"https:\/\/api.w.org\/{rel}","templated":true}]}}